{"id":1726,"date":"2024-05-27T21:55:56","date_gmt":"2024-05-27T20:55:56","guid":{"rendered":"https:\/\/wallfahrtsort-wolfwil.ch\/wordpress\/?page_id=1726"},"modified":"2025-12-09T07:51:51","modified_gmt":"2025-12-09T06:51:51","slug":"begegnungsort-wolfwil","status":"publish","type":"page","link":"https:\/\/wallfahrtsort-wolfwil.ch\/wordpress\/begegnungsort-wolfwil\/","title":{"rendered":"Begegnungsort Wolfwil"},"content":{"rendered":"<div class=\"extendedwopts-md-center wp-block-image\">\n<figure class=\"alignright size-full\"><img loading=\"lazy\" decoding=\"async\" width=\"302\" height=\"403\" src=\"https:\/\/wallfahrtsort-wolfwil.ch\/wordpress\/wp-content\/uploads\/2024\/05\/IMG_8556-1.jpg\" alt=\"\" class=\"wp-image-1748\" srcset=\"https:\/\/wallfahrtsort-wolfwil.ch\/wordpress\/wp-content\/uploads\/2024\/05\/IMG_8556-1.jpg 302w, https:\/\/wallfahrtsort-wolfwil.ch\/wordpress\/wp-content\/uploads\/2024\/05\/IMG_8556-1-225x300.jpg 225w, https:\/\/wallfahrtsort-wolfwil.ch\/wordpress\/wp-content\/uploads\/2024\/05\/IMG_8556-1-1x1.jpg 1w\" sizes=\"auto, (max-width: 302px) 100vw, 302px\" \/><\/figure>\n<\/div>\n\n\n<p>An der 400 Jahr Feier der Kirche kam die Idee auf, die Wiese neben der Pfarrsch\u00fcr als Begegnungsort f\u00fcr Wolfwil zu nutzen. Da Wolfwil \u00fcber keinen Dorfplatz und keinen \u00f6ffentlichen Platz f\u00fcr Begegnungen, Treffen f\u00fcr alle Generationen verf\u00fcgt, stiess die Idee auf ein grosses Interesse.&nbsp;<\/p>\n\n\n\n<p>Ein solcher Ort soll spontane Begegnungen, geplante Treffen f\u00fcr Menschen aller Altersgruppen sein.<\/p>\n\n\n\n<p>Es ist wichtig, dass der Ort M\u00f6glichkeiten f\u00fcr Spiel und Spass bietet, die f\u00fcr alle Altersgruppen zug\u00e4nglich sind. Da es sich um eine historische St\u00e4tte handelt, sind Besinnung und Ruhe genauso wichtig. Ruhige Pl\u00e4tze zum Nachdenken, meditative Bereiche oder einfach nur ruhige Naturfl\u00e4chen erm\u00f6glichen es den Besuchern, sich zur\u00fcckzuziehen und zur Ruhe zu kommen.<\/p>\n\n\n\n<p>Die Nutzung ist in erster Linie f\u00fcr die Einwohner von Wolfwil, es sollen sich aber auch Velofahrende der Veloroute, Wandernde und Wallfahrende erholen d\u00fcrfen.&nbsp;<\/p>\n\n\n\n<p>F\u00fcr sie alle w\u00fcrde ein solcher Ort einen immensen Mehrwert bedeuten.<\/p>\n\n\n\n<p>Aus diesen Gr\u00fcnden hat der Kirchengemeinderat eine Arbeitsgruppe mit verschiedenen Vertretern und Vertreterinnen aus der Gemeinde gegr\u00fcndet und zusammen mit Daniela Marti Gartenspielplanung den Auftrag erteilt, einen \u2018Begegnungsort Wolfwil\u2019 zu planen.&nbsp;<\/p>\n\n\n\n<p><\/p>\n\n\n\n<p><strong><em>Projektidee<\/em><\/strong><\/p>\n\n\n\n<p><strong><em>Thema<\/em><br><\/strong>Der Begegnungsort orientiert sich am Thema \u00abFreundschaft und Liebe\u00bb, inspiriert von der &#8222;Liebe Frau von Wolfwil&#8220; der Gnadenkapelle.<\/p>\n\n\n\n<p><strong><em>Gestaltung<\/em><br><\/strong>Der Ort wird in verschiedene Stationen zu Themen wie Mut, Gemeinschaft, Geborgenheit, Liebe, Feuer, Quelle, Energie, Leben und Glaube gegliedert.<\/p>\n\n\n<div class=\"extendedwopts-md-center wp-block-image\">\n<figure class=\"aligncenter size-full is-resized\"><img loading=\"lazy\" decoding=\"async\" width=\"984\" height=\"488\" src=\"https:\/\/wallfahrtsort-wolfwil.ch\/wordpress\/wp-content\/uploads\/2024\/06\/Elemente.jpg\" alt=\"\" class=\"wp-image-1791\" style=\"width:567px;height:auto\" srcset=\"https:\/\/wallfahrtsort-wolfwil.ch\/wordpress\/wp-content\/uploads\/2024\/06\/Elemente.jpg 984w, https:\/\/wallfahrtsort-wolfwil.ch\/wordpress\/wp-content\/uploads\/2024\/06\/Elemente-300x149.jpg 300w, https:\/\/wallfahrtsort-wolfwil.ch\/wordpress\/wp-content\/uploads\/2024\/06\/Elemente-768x381.jpg 768w, https:\/\/wallfahrtsort-wolfwil.ch\/wordpress\/wp-content\/uploads\/2024\/06\/Elemente-1x1.jpg 1w\" sizes=\"auto, (max-width: 984px) 100vw, 984px\" \/><\/figure>\n<\/div>\n\n\n<p><strong><em>Elemente<\/em><br><\/strong>Geplant sind ein Pavillon, Gemeinschaftsplatz, Spielplatz, Liegelooping, Quellstein mit Wasserspiel, ein neuer Platz, Spielkiste, gr\u00fcne Wand und passende Bepflanzung, die alle diese Charaktereigenschaften widerspiegeln.<\/p>\n\n\n\n<p><br><strong><em>Kosten\/Finanzierung<\/em><br><\/strong>Die Kirchengemeinde wird Bauherr dieses Projektes sein, stellt das Land zur Verf\u00fcgung und wird die Unterhaltskosten \u00fcbernehmen. Ziel ist es, mit einer Fremdfinanzierung ca. die H\u00e4lfte der Kosten zu decken.<\/p>\n\n\n\n<figure class=\"wp-block-image size-full\"><img loading=\"lazy\" decoding=\"async\" width=\"977\" height=\"541\" src=\"https:\/\/wallfahrtsort-wolfwil.ch\/wordpress\/wp-content\/uploads\/2024\/05\/Begegnungsort-Wolfwil-Kostenschaetzung-2024.png\" alt=\"\" class=\"wp-image-1782\" srcset=\"https:\/\/wallfahrtsort-wolfwil.ch\/wordpress\/wp-content\/uploads\/2024\/05\/Begegnungsort-Wolfwil-Kostenschaetzung-2024.png 977w, https:\/\/wallfahrtsort-wolfwil.ch\/wordpress\/wp-content\/uploads\/2024\/05\/Begegnungsort-Wolfwil-Kostenschaetzung-2024-300x166.png 300w, https:\/\/wallfahrtsort-wolfwil.ch\/wordpress\/wp-content\/uploads\/2024\/05\/Begegnungsort-Wolfwil-Kostenschaetzung-2024-768x425.png 768w, https:\/\/wallfahrtsort-wolfwil.ch\/wordpress\/wp-content\/uploads\/2024\/05\/Begegnungsort-Wolfwil-Kostenschaetzung-2024-1x1.png 1w\" sizes=\"auto, (max-width: 977px) 100vw, 977px\" \/><\/figure>\n\n\n\n<p><\/p>\n\n\n\n<h2 class=\"wp-block-heading\">Bauprojekt<\/h2>\n\n\n\n<figure class=\"wp-block-image size-large\"><img loading=\"lazy\" decoding=\"async\" width=\"828\" height=\"1024\" src=\"https:\/\/wallfahrtsort-wolfwil.ch\/wordpress\/wp-content\/uploads\/2025\/12\/Grundriss-Bauprojekt-828x1024.jpg\" alt=\"\" class=\"wp-image-2064\" srcset=\"https:\/\/wallfahrtsort-wolfwil.ch\/wordpress\/wp-content\/uploads\/2025\/12\/Grundriss-Bauprojekt-828x1024.jpg 828w, https:\/\/wallfahrtsort-wolfwil.ch\/wordpress\/wp-content\/uploads\/2025\/12\/Grundriss-Bauprojekt-243x300.jpg 243w, https:\/\/wallfahrtsort-wolfwil.ch\/wordpress\/wp-content\/uploads\/2025\/12\/Grundriss-Bauprojekt-768x950.jpg 768w, https:\/\/wallfahrtsort-wolfwil.ch\/wordpress\/wp-content\/uploads\/2025\/12\/Grundriss-Bauprojekt-1242x1536.jpg 1242w, https:\/\/wallfahrtsort-wolfwil.ch\/wordpress\/wp-content\/uploads\/2025\/12\/Grundriss-Bauprojekt-1656x2048.jpg 1656w, https:\/\/wallfahrtsort-wolfwil.ch\/wordpress\/wp-content\/uploads\/2025\/12\/Grundriss-Bauprojekt-1x1.jpg 1w, https:\/\/wallfahrtsort-wolfwil.ch\/wordpress\/wp-content\/uploads\/2025\/12\/Grundriss-Bauprojekt.jpg 1818w\" sizes=\"auto, (max-width: 828px) 100vw, 828px\" \/><\/figure>\n\n\n\n<figure class=\"wp-block-image size-large\"><img loading=\"lazy\" decoding=\"async\" width=\"1024\" height=\"468\" src=\"https:\/\/wallfahrtsort-wolfwil.ch\/wordpress\/wp-content\/uploads\/2025\/12\/Schnitt-A-2025-11-19-1024x468.png\" alt=\"\" class=\"wp-image-2066\" srcset=\"https:\/\/wallfahrtsort-wolfwil.ch\/wordpress\/wp-content\/uploads\/2025\/12\/Schnitt-A-2025-11-19-1024x468.png 1024w, https:\/\/wallfahrtsort-wolfwil.ch\/wordpress\/wp-content\/uploads\/2025\/12\/Schnitt-A-2025-11-19-300x137.png 300w, https:\/\/wallfahrtsort-wolfwil.ch\/wordpress\/wp-content\/uploads\/2025\/12\/Schnitt-A-2025-11-19-768x351.png 768w, https:\/\/wallfahrtsort-wolfwil.ch\/wordpress\/wp-content\/uploads\/2025\/12\/Schnitt-A-2025-11-19-1536x702.png 1536w, https:\/\/wallfahrtsort-wolfwil.ch\/wordpress\/wp-content\/uploads\/2025\/12\/Schnitt-A-2025-11-19-1x1.png 1w, https:\/\/wallfahrtsort-wolfwil.ch\/wordpress\/wp-content\/uploads\/2025\/12\/Schnitt-A-2025-11-19.png 1542w\" sizes=\"auto, (max-width: 1024px) 100vw, 1024px\" \/><\/figure>\n\n\n\n<figure class=\"wp-block-image size-large\"><img loading=\"lazy\" decoding=\"async\" width=\"1024\" height=\"684\" src=\"https:\/\/wallfahrtsort-wolfwil.ch\/wordpress\/wp-content\/uploads\/2025\/12\/Schnitt-B-2025-11-19-1024x684.png\" alt=\"\" class=\"wp-image-2063\" srcset=\"https:\/\/wallfahrtsort-wolfwil.ch\/wordpress\/wp-content\/uploads\/2025\/12\/Schnitt-B-2025-11-19-1024x684.png 1024w, https:\/\/wallfahrtsort-wolfwil.ch\/wordpress\/wp-content\/uploads\/2025\/12\/Schnitt-B-2025-11-19-300x200.png 300w, https:\/\/wallfahrtsort-wolfwil.ch\/wordpress\/wp-content\/uploads\/2025\/12\/Schnitt-B-2025-11-19-768x513.png 768w, https:\/\/wallfahrtsort-wolfwil.ch\/wordpress\/wp-content\/uploads\/2025\/12\/Schnitt-B-2025-11-19-1x1.png 1w, https:\/\/wallfahrtsort-wolfwil.ch\/wordpress\/wp-content\/uploads\/2025\/12\/Schnitt-B-2025-11-19.png 1261w\" sizes=\"auto, (max-width: 1024px) 100vw, 1024px\" \/><\/figure>\n\n\n\n<figure class=\"wp-block-image size-full\"><img loading=\"lazy\" decoding=\"async\" width=\"905\" height=\"518\" src=\"https:\/\/wallfahrtsort-wolfwil.ch\/wordpress\/wp-content\/uploads\/2025\/12\/Schnitt-C-2025-11-19.png\" alt=\"\" class=\"wp-image-2067\" srcset=\"https:\/\/wallfahrtsort-wolfwil.ch\/wordpress\/wp-content\/uploads\/2025\/12\/Schnitt-C-2025-11-19.png 905w, https:\/\/wallfahrtsort-wolfwil.ch\/wordpress\/wp-content\/uploads\/2025\/12\/Schnitt-C-2025-11-19-300x172.png 300w, https:\/\/wallfahrtsort-wolfwil.ch\/wordpress\/wp-content\/uploads\/2025\/12\/Schnitt-C-2025-11-19-768x440.png 768w, https:\/\/wallfahrtsort-wolfwil.ch\/wordpress\/wp-content\/uploads\/2025\/12\/Schnitt-C-2025-11-19-1x1.png 1w\" sizes=\"auto, (max-width: 905px) 100vw, 905px\" \/><\/figure>\n\n\n<div class=\"pgc-sgb-cb wp-block-pgcsimplygalleryblock-grid \" data-gallery-id=\"0a012734\"><div class=\"sgb-preloader\" id=\"pr_0a012734\">\n\t<div class=\"sgb-square\" style=\"background:#d4d4d4\"><\/div>\n\t<div class=\"sgb-square\" style=\"background:#d4d4d4\"><\/div>\n\t<div class=\"sgb-square\" style=\"background:#d4d4d4\"><\/div>\n\t<div class=\"sgb-square\" style=\"background:#d4d4d4\"><\/div><\/div><div class=\"simply-gallery-amp pgc_sgb_slider \"><noscript><div class=\"sgb-gallery\"><div class=\"sgb-item\"><a href=\"https:\/\/wallfahrtsort-wolfwil.ch\/wordpress\/begegnungsort-wolfwil\/img_8017\/\" target=\"_blank\"><img decoding=\"async\" alt=\"\" width=\"300\" height=\"128\" loading=\"lazy\" src=\"https:\/\/wallfahrtsort-wolfwil.ch\/wordpress\/wp-content\/uploads\/2024\/05\/IMG_8017-300x128.jpeg\" srcset=\"https:\/\/wallfahrtsort-wolfwil.ch\/wordpress\/wp-content\/uploads\/2024\/05\/IMG_8017-300x128.jpeg 300w,https:\/\/wallfahrtsort-wolfwil.ch\/wordpress\/wp-content\/uploads\/2024\/05\/IMG_8017-1024x436.jpeg 1024w,https:\/\/wallfahrtsort-wolfwil.ch\/wordpress\/wp-content\/uploads\/2024\/05\/IMG_8017.jpeg 1073w\" sizes=\"auto, 250px\"\/><\/a><\/div><\/div><\/noscript><\/div><script type=\"application\/json\" class=\"sgb-data\">{\"galleryType\":\"pgc_sgb_grid\",\"galleryId\":\"0a012734\",\"images\":[{\"id\":1732,\"title\":\"IMG_8017\",\"url\":\"https:\/\/wallfahrtsort-wolfwil.ch\/wordpress\/wp-content\/uploads\/2024\/05\/IMG_8017.jpeg\",\"link\":\"https:\/\/wallfahrtsort-wolfwil.ch\/wordpress\/begegnungsort-wolfwil\/img_8017\/\",\"alt\":\"\",\"description\":\"\",\"caption\":\"\",\"mime\":\"image\/jpeg\",\"type\":\"image\",\"width\":1073,\"height\":457,\"sizes\":{\"thumbnail\":{\"height\":150,\"width\":150,\"url\":\"https:\/\/wallfahrtsort-wolfwil.ch\/wordpress\/wp-content\/uploads\/2024\/05\/IMG_8017-150x150.jpeg\",\"orientation\":\"landscape\"},\"medium\":{\"height\":128,\"width\":300,\"url\":\"https:\/\/wallfahrtsort-wolfwil.ch\/wordpress\/wp-content\/uploads\/2024\/05\/IMG_8017-300x128.jpeg\",\"orientation\":\"landscape\"},\"large\":{\"height\":436,\"width\":1024,\"url\":\"https:\/\/wallfahrtsort-wolfwil.ch\/wordpress\/wp-content\/uploads\/2024\/05\/IMG_8017-1024x436.jpeg\",\"orientation\":\"landscape\"},\"full\":{\"url\":\"https:\/\/wallfahrtsort-wolfwil.ch\/wordpress\/wp-content\/uploads\/2024\/05\/IMG_8017.jpeg\",\"height\":457,\"width\":1073,\"orientation\":\"landscape\"}},\"imageMeta\":{\"aperture\":\"1.8\",\"credit\":\"\",\"camera\":\"iPhone 11\",\"caption\":\"\",\"created_timestamp\":\"1682504538\",\"copyright\":\"\",\"focal_length\":\"4.25\",\"iso\":\"32\",\"shutter_speed\":\"0.00032894736842105\",\"title\":\"\",\"orientation\":\"1\",\"keywords\":[]},\"meta\":false,\"postlink\":\"https:\/\/wallfahrtsort-wolfwil.ch\/wordpress\/begegnungsort-wolfwil\/img_8017\/\"}],\"extended_widget_opts_block\":{},\"extended_widget_opts\":{},\"extended_widget_opts_state\":\"\",\"extended_widget_opts_clientid\":\"\",\"dateUpdated\":\"\",\"itemsMetaDataCollection\":[]}<\/script><script>(function(){if(window.PGC_SGB && window.PGC_SGB.searcher){window.PGC_SGB.searcher.initBlocks()}})()<\/script><\/div>","protected":false},"excerpt":{"rendered":"<p>An der 400 Jahr Feier der Kirche kam die Idee auf, die Wiese neben der Pfarrsch\u00fcr als Begegnungsort f\u00fcr Wolfwil [&hellip;]<\/p>\n","protected":false},"author":1,"featured_media":0,"parent":0,"menu_order":0,"comment_status":"closed","ping_status":"closed","template":"","meta":{"pgc_sgb_lightbox_settings":"","footnotes":""},"class_list":["post-1726","page","type-page","status-publish","hentry"],"_links":{"self":[{"href":"https:\/\/wallfahrtsort-wolfwil.ch\/wordpress\/wp-json\/wp\/v2\/pages\/1726","targetHints":{"allow":["GET"]}}],"collection":[{"href":"https:\/\/wallfahrtsort-wolfwil.ch\/wordpress\/wp-json\/wp\/v2\/pages"}],"about":[{"href":"https:\/\/wallfahrtsort-wolfwil.ch\/wordpress\/wp-json\/wp\/v2\/types\/page"}],"author":[{"embeddable":true,"href":"https:\/\/wallfahrtsort-wolfwil.ch\/wordpress\/wp-json\/wp\/v2\/users\/1"}],"replies":[{"embeddable":true,"href":"https:\/\/wallfahrtsort-wolfwil.ch\/wordpress\/wp-json\/wp\/v2\/comments?post=1726"}],"version-history":[{"count":29,"href":"https:\/\/wallfahrtsort-wolfwil.ch\/wordpress\/wp-json\/wp\/v2\/pages\/1726\/revisions"}],"predecessor-version":[{"id":2069,"href":"https:\/\/wallfahrtsort-wolfwil.ch\/wordpress\/wp-json\/wp\/v2\/pages\/1726\/revisions\/2069"}],"wp:attachment":[{"href":"https:\/\/wallfahrtsort-wolfwil.ch\/wordpress\/wp-json\/wp\/v2\/media?parent=1726"}],"curies":[{"name":"wp","href":"https:\/\/api.w.org\/{rel}","templated":true}]}}