{"id":1760,"date":"2024-05-27T22:41:50","date_gmt":"2024-05-27T21:41:50","guid":{"rendered":"https:\/\/wallfahrtsort-wolfwil.ch\/wordpress\/?page_id=1760"},"modified":"2024-05-28T06:26:07","modified_gmt":"2024-05-28T05:26:07","slug":"gruener-gueggel-schoepfung-und-umwelt","status":"publish","type":"page","link":"https:\/\/wallfahrtsort-wolfwil.ch\/wordpress\/gruener-gueggel-schoepfung-und-umwelt\/","title":{"rendered":"Gr\u00fcner G\u00fcggel \u2013 Sch\u00f6pfung und Umwelt"},"content":{"rendered":"\n<figure class=\"wp-block-image size-full\"><img loading=\"lazy\" decoding=\"async\" width=\"141\" height=\"141\" src=\"https:\/\/wallfahrtsort-wolfwil.ch\/wordpress\/wp-content\/uploads\/2024\/05\/GruenerGueggel.jpg\" alt=\"\" class=\"wp-image-1761\" srcset=\"https:\/\/wallfahrtsort-wolfwil.ch\/wordpress\/wp-content\/uploads\/2024\/05\/GruenerGueggel.jpg 141w, https:\/\/wallfahrtsort-wolfwil.ch\/wordpress\/wp-content\/uploads\/2024\/05\/GruenerGueggel-1x1.jpg 1w\" sizes=\"auto, (max-width: 141px) 100vw, 141px\" \/><\/figure>\n\n\n\n<p>2023 hat der Kirchgemeinderat dem Thema Umwelt mehr Gewicht verliehen und sich f\u00fcr den Gr\u00fcnen G\u00fcggel entschieden. Dieses Umweltmanagementsystem unterst\u00fctzt Kirchgemeinden beim Ressourcen sparen und Natur und Klima zu sch\u00fctzen.<\/p>\n\n\n\n<p>Daraufhin hat unser Umweltteam die Arbeit aufgenommen, welche dazu gef\u00fchrt hat, dass wir seit Mai 2024 eine mit dem Gr\u00fcnen G\u00fcggel zertifizierte Kirchgemeinde sind.<\/p>\n\n\n\n<p><strong>Sch\u00f6pfungsleitlinien der Kirchgemeinde und Pfarrei Wolfwil&nbsp;<\/strong><\/p>\n\n\n\n<p><strong><em>Unsere Motivation<\/em><\/strong><\/p>\n\n\n\n<p>Mit Dankbarkeit und Achtsamkeit wollen wir in unserer Pfarrei den Sch\u00f6pfungsauftrag Gottes erf\u00fcllen. Unser verantwortungsvoller Umgang mit der Natur, ihrer Artenvielfalt, ihren nach-wachsenden Ressourcen soll auch zuk\u00fcnftigen Generationen ein friedliches Miteinander in einer lebenswerten Umwelt erm\u00f6glichen.<\/p>\n\n\n\n<p><strong><em>Umweltbelastung nachhaltig reduzieren<\/em><\/strong><\/p>\n\n\n\n<p>Wir streben einen schonend und achtsam Umgang mit unseren Ressourcen an. Mit der Reduktion von Energie-, Wasser- und Materialverbrauch verringern wir die Belastung unserer Umwelt.&nbsp;<\/p>\n\n\n\n<p>Nach M\u00f6glichkeit setzen wir auf erneuerbare Energien und die Einf\u00fchrung von umweltschonenden neuen Techniken, sofern wirtschaftlich vertretbar.<\/p>\n\n\n\n<p>Wir bevorzugen bei der Beschaffung und bei Investitionen nachgewiesen umweltfreundliche&nbsp;<\/p>\n\n\n\n<p>Produkte, Verfahren und Dienstleistungen sowie Waren aus fairem und lokalem Handel.&nbsp;<\/p>\n\n\n\n<p>Die Abfallmenge reduzieren wir durch Langlebigkeit von Produkten, abfallvermeidende Beschaffung und sinnvolle Abfalltrennung.<\/p>\n\n\n\n<p>Wir setzten uns f\u00fcr naturnahe, vielf\u00e4ltige und artgerechte Lebensr\u00e4ume ein. Unsere Geb\u00e4ude und Grundst\u00fccke gestallten wir entsprechen, damit sie dem Leben von Menschen, einheimischen Tieren und Pflanzen dienen.<\/p>\n\n\n\n<p><strong><em>Einhaltung von gesetzlichen Vorgaben<\/em><\/strong><\/p>\n\n\n\n<p>Die Einhaltung der gesetzlichen Vorgaben im Umweltbereich, sowie f\u00fcr Arbeitssicherheit und Gesundheitsschutz ist f\u00fcr uns selbstverst\u00e4ndlich.&nbsp;<\/p>\n\n\n\n<p><strong>Information nach innen und aussen<\/strong><\/p>\n\n\n\n<p>Wir greifen auch aktuelle Themen auf und informieren \u00fcber die Umweltaktivit\u00e4ten in der Pfarrei.&nbsp;<\/p>\n\n\n\n<p>Mitarbeitenden der Pfarrei und Pfarreimitglieder beziehen wir in Umweltfragen ein. Bei Bedarf vernetzen wir uns mit anderen Personen ausserhalb der Pfarrei.<\/p>\n\n\n\n<p>Wir sind neugierig und offen f\u00fcr Anregungen und Kritik.<\/p>\n\n\n\n<p><strong><em>Vorgehen<\/em><\/strong><\/p>\n\n\n\n<p>Wir erheben im Rahmen des Umweltmanagementsystems \u00abGr\u00fcner G\u00fcggel\u00bb regelm\u00e4ssig Kennwerte f\u00fcr Umwelt und Energie und dokumentieren und \u00fcberpr\u00fcfen damit unsere Umweltschutzaktivit\u00e4ten. Gest\u00fctzt auf diese Grundlagen ergreifen wir die n\u00f6tigen Massnahmen und verpflichten uns zu einer fortlaufenden Reduktion der Umweltbelastung.<\/p>\n\n\n\n<p><em>In Kraft gesetzt vom Kirchgemeinderat am 08.12.2023<\/em><\/p>\n\n\n\n<p><em>Christian Zbinden, Kirchgemeindepr\u00e4sident<\/em><\/p>\n\n\n\n<p><\/p>\n\n\n\n<p>Umweltbericht 2024<\/p>\n\n\n\n<div data-wp-interactive=\"core\/file\" class=\"wp-block-file\"><object data-wp-bind--hidden=\"!state.hasPdfPreview\" hidden class=\"wp-block-file__embed\" data=\"https:\/\/wallfahrtsort-wolfwil.ch\/wordpress\/wp-content\/uploads\/2024\/05\/GG_Umweltbericht.pdf\" type=\"application\/pdf\" style=\"width:100%;height:600px\" aria-label=\"Einbettung von GG_Umweltbericht.\"><\/object><a id=\"wp-block-file--media-17d658bb-aa83-422a-9b52-e134f23cb11c\" href=\"https:\/\/wallfahrtsort-wolfwil.ch\/wordpress\/wp-content\/uploads\/2024\/05\/GG_Umweltbericht.pdf\">GG_Umweltbericht<\/a><a href=\"https:\/\/wallfahrtsort-wolfwil.ch\/wordpress\/wp-content\/uploads\/2024\/05\/GG_Umweltbericht.pdf\" class=\"wp-block-file__button wp-element-button\" download aria-describedby=\"wp-block-file--media-17d658bb-aa83-422a-9b52-e134f23cb11c\">Herunterladen<\/a><\/div>\n\n\n\n<p><\/p>\n\n\n\n<p><strong><em>Das Umwelt-Team setzt sich zusammen aus:<\/em><\/strong><\/p>\n\n\n\n<p>Roland Husistein \u2013 Umweltmanagementverantwortlicher<\/p>\n\n\n\n<p>Nik Artho \u2013&nbsp;Geb\u00e4udeverantwortung Kirche und Pfarrhaus<\/p>\n\n\n\n<p>Sonja Jeggli \u2013 Biodiversit\u00e4t<\/p>\n\n\n\n<p>Thomas K\u00f6lliker &#8211; Controlling<\/p>\n\n\n\n<p>Simone Kropf \u2013 Kommunikation<\/p>\n\n\n\n<p>Benedikt Marti \u2013 Datenerfassung<\/p>\n\n\n\n<p>Michael Wesslein \u2013 Sicherheit<\/p>\n","protected":false},"excerpt":{"rendered":"<p>2023 hat der Kirchgemeinderat dem Thema Umwelt mehr Gewicht verliehen und sich f\u00fcr den Gr\u00fcnen G\u00fcggel entschieden. Dieses Umweltmanagementsystem unterst\u00fctzt [&hellip;]<\/p>\n","protected":false},"author":1,"featured_media":0,"parent":0,"menu_order":0,"comment_status":"closed","ping_status":"closed","template":"","meta":{"pgc_sgb_lightbox_settings":"","footnotes":""},"class_list":["post-1760","page","type-page","status-publish","hentry"],"_links":{"self":[{"href":"https:\/\/wallfahrtsort-wolfwil.ch\/wordpress\/wp-json\/wp\/v2\/pages\/1760","targetHints":{"allow":["GET"]}}],"collection":[{"href":"https:\/\/wallfahrtsort-wolfwil.ch\/wordpress\/wp-json\/wp\/v2\/pages"}],"about":[{"href":"https:\/\/wallfahrtsort-wolfwil.ch\/wordpress\/wp-json\/wp\/v2\/types\/page"}],"author":[{"embeddable":true,"href":"https:\/\/wallfahrtsort-wolfwil.ch\/wordpress\/wp-json\/wp\/v2\/users\/1"}],"replies":[{"embeddable":true,"href":"https:\/\/wallfahrtsort-wolfwil.ch\/wordpress\/wp-json\/wp\/v2\/comments?post=1760"}],"version-history":[{"count":2,"href":"https:\/\/wallfahrtsort-wolfwil.ch\/wordpress\/wp-json\/wp\/v2\/pages\/1760\/revisions"}],"predecessor-version":[{"id":1767,"href":"https:\/\/wallfahrtsort-wolfwil.ch\/wordpress\/wp-json\/wp\/v2\/pages\/1760\/revisions\/1767"}],"wp:attachment":[{"href":"https:\/\/wallfahrtsort-wolfwil.ch\/wordpress\/wp-json\/wp\/v2\/media?parent=1760"}],"curies":[{"name":"wp","href":"https:\/\/api.w.org\/{rel}","templated":true}]}}